{"id":30,"date":"2016-02-21T22:46:22","date_gmt":"2016-02-21T21:46:22","guid":{"rendered":"http:\/\/inselreport.eu\/?page_id=30"},"modified":"2024-08-02T16:21:56","modified_gmt":"2024-08-02T14:21:56","slug":"impressum","status":"publish","type":"page","link":"https:\/\/inselreport.eu\/?page_id=30","title":{"rendered":"Impressum"},"content":{"rendered":"<ul>\n<li class=\"_4tnv _2pif\">\n<div class=\"clearfix\">\n<div class=\"_4bl9 _2pis _2dbl\">\n<div>Marius Jaster (v.i.S.d.P)<\/div>\n<div>Freier Publizist<\/div>\n<div>Mitglied im Deutschen Journalistenverband (DJV)<\/div>\n<div><span dir=\"ltr\">0160 \/ 95 10 16 97\u00a0<\/span><\/div>\n<div><\/div>\n<div><\/div>\n<\/div>\n<\/div>\n<\/li>\n<li class=\"_4tnv _2pif\">\n<div class=\"clearfix\">\n<div class=\"_4bl7\">E-Mail-Adresse<\/div>\n<div class=\"_4bl9 _2pis _2dbl\">\n<div><a href=\"mailto:ostseereporter%40googlemail.com\">ostseereporter@Gmail.com<\/a><\/div>\n<\/div>\n<\/div>\n<\/li>\n<li class=\"_4tnv _2pif\">\n<div class=\"clearfix\">Markt 8<\/div>\n<p>18569 Gingst<\/li>\n<li class=\"_4tnv _2pif\">\n<div class=\"clearfix\">\n<div class=\"_4bl7\">\u00a0Webseite<\/div>\n<div class=\"_4bl9 _2pis _2dbl\">\n<div>http:\/\/inselreport.eu<\/div>\n<\/div>\n<div><\/div>\n<div class=\"_4bl9 _2pis _2dbl\">\n<div><\/div>\n<div>\n<h2>1. Inhalt des Onlineangebotes<\/h2>\n<p>Der Autor selbst und die Informationszubringer sind stets bem\u00fcht, qualitativ hochwertige Informationen zur Verf\u00fcgung zu stellen. Trotzdem \u00fcbernimmt der Autor keinerlei Gew\u00e4hr f\u00fcr die Aktualit\u00e4t, Korrektheit, Vollst\u00e4ndigkeit oder Qualit\u00e4t der bereitgestellten Informationen. Haftungsanspr\u00fcche gegen den Autor, die sich auf Sch\u00e4den materieller oder ideeller Art beziehen, welche durch die Nutzung oder Nichtnutzung der dargebotenen Informationen bzw. durch die Nutzung fehlerhafter und unvollst\u00e4ndiger Informationen verursacht wurden, sind grunds\u00e4tzlich ausgeschlossen, sofern seitens des Autors kein nachweislich vors\u00e4tzliches oder grob fahrl\u00e4ssiges Verschulden vorliegt.<\/p>\n<h2>2. Verweise und Links<\/h2>\n<p>Sofern auf Verweisziele (\u201cLinks\u201d) direkt oder indirekt verwiesen wird, die au\u00dferhalb des Verantwortungsbereiches des Autors liegen, haftet dieser nur dann, wenn er von den Inhalten Kenntnis hat und es ihm technisch m\u00f6glich und zumutbar w\u00e4re, die Nutzung im Falle rechtswidriger Inhalte zu verhindern. F\u00fcr dar\u00fcber hinausgehende Inhalte und insbesondere f\u00fcr Sch\u00e4den, die aus der Nutzung oder Nichtnutzung solcherart dargebotener Informationen entstehen, haftet allein der Anbieter dieser Seiten, nicht derjenige, der \u00fcber Links auf die jeweilige Ver\u00f6ffentlichung lediglich verweist.<\/p>\n<h2>3. Urheberrecht<\/h2>\n<p>Der Autor ist bestrebt, in allen Publikationen die Urheberrechte der verwendeten Grafiken, Sounds und Texte zu beachten, von ihm selbst erstellte Grafiken, Sounds und Texte zu nutzen oder auf lizenzfreie Grafiken, Sounds und Texte zur\u00fcckzugreifen. Sollte sich auf den jeweiligen Seiten dennoch eine ungekennzeichnete, aber durch fremdes Copyright gesch\u00fctzte Grafik, ein Sound oder Text befinden, so konnte das Copyright vom Autor nicht festgestellt werden. Im Falle einer solchen unbeabsichtigten Copyrightverletzung wird der Autor das entsprechende Objekt nach Benachrichtigung aus seiner Publikation entfernen bzw. mit dem entsprechenden Copyright kenntlich machen.<\/p>\n<h2><span style=\"color: #800080;\">!!! Alle Artikel und Fotos dieser Website sind urheberrechtlich gesch\u00fctzt. Es ist grunds\u00e4tzlich verboten, Inhalte dieser Seite (auch auszugsweise) in andere Websiten zu kopieren &#8211; oder in anderer Weise, insbesondere f\u00fcr gesch\u00e4ftliche Zwecke zu vervielf\u00e4ltigen. Jeder Missbrauch wird zivil- und strafrechtlich verfolgt.<\/span><\/h2>\n<p>Einzig das Herunterladen bestimmter Dateien f\u00fcr eigene private Zwecke ist zul\u00e4ssig. Die Haftung f\u00fcr weitere missbr\u00e4uchliche Verwendung liegt in diesem Fall beim Nutzer.<\/p>\n<p>Gerichtsstand ist Bergen auf R\u00fcgen, bzw. Stralsund.<\/p>\n<h1><strong><span style=\"color: #ff0000;\">Zur Datenschutzgrundverordnung:<\/span> <\/strong><\/h1>\n<p>Etwas Bl\u00f6deres h\u00e4tten sich die B\u00fcrokraten nicht ausdenken k\u00f6nnen, als dass jetzt jeder Mensch bei normalen Angelegenheiten, wie zum Beispiel zur Einschulung des eigenen Kindes Gewissensbisse, oder sogar Angst bekommt, wenn er ein Foto machen will&#8230;<\/p>\n<p>Bei mir ist das so: Wer fotografiert wird, wei\u00df es und ist mit der Ver\u00f6ffentlichung einverstanden. Wer zitiert wird, wei\u00df es auch. Wer im Nachgang merkt, dass ihm das nicht gef\u00e4llt, meldet sich einfach per Mail und dann korrigiere oder entferne ich entsprechende Inhalte.<\/p>\n<p>Wer einen Kommentar zu einem Artikel schreibt, der muss wissen, dass seine Mailadresse f\u00fcr MICH sichtbar ist. Sonst f\u00fcr Niemanden. Und diese Adresse ist wichtig, um die Seriosit\u00e4t des<br \/>\nAbsenders zu kennen und ggf. R\u00fcckfragen stellen zu k\u00f6nnen. Sie wird in keiner Form separat gespeichert oder f\u00fcr andere Zwecke verwendet. Weder f\u00fcr eigene Werbung, noch f\u00fcr sonst irgendwas.<\/p>\n<p>Bei Inselreport gibt es keine Cookies! Und wenn doch, dann arbeite ich nicht damit!<\/p>\n<p>Allerdings verwende ich Google-Analytics, um festzustellen, wie viele Leser welche Artikel gelesen haben und in welchem Land auf dieser sch\u00f6nen Erde sie sich befinden. Diese Zahlen sind anonym und erm\u00f6glichen es nicht, einen konkreten Menschen zu ermitteln. Und wenn sie es doch tun w\u00fcrden: Wir arbeiten damit NICHT!<\/p>\n<p><span style=\"color: #ff0000;\">Kurzum: Inselreport.eu vermittelt Informationen, f\u00fcr jeden zug\u00e4nglich, damit sie in Liebe und Frieden wahrgenommen werden k\u00f6nnen &#8211; in Liebe und Frieden kommentiert werden d\u00fcrfen &#8211; einfach, damit das Leben &#8211; DEIN LEBEN &#8211; vielleicht ein bisschen sch\u00f6ner wird. Fertig.\u00a0<\/span><\/p>\n<p>PS: F\u00fcr Unfug und Abmahnungen&#8230; habe ich weder Zeit noch Geld zu verschwenden. (Nur damit das von vornherein klar ist.)<\/p>\n<\/div>\n<\/div>\n<\/div>\n<\/li>\n<\/ul>\n","protected":false},"excerpt":{"rendered":"<p>Marius Jaster (v.i.S.d.P) Freier Publizist Mitglied im Deutschen Journalistenverband (DJV) 0160 \/ 95 10 16 97\u00a0 E-Mail-Adresse ostseereporter@Gmail.com Markt 8 18569 Gingst \u00a0Webseite http:\/\/inselreport.eu 1. Inhalt des Onlineangebotes Der Autor selbst und die Informationszubringer sind stets bem\u00fcht, qualitativ hochwertige Informationen zur Verf\u00fcgung zu stellen. Trotzdem \u00fcbernimmt der Autor keinerlei Gew\u00e4hr f\u00fcr die Aktualit\u00e4t, Korrektheit, Vollst\u00e4ndigkeit &hellip; <a href=\"https:\/\/inselreport.eu\/?page_id=30\" class=\"more-link\"><span class=\"screen-reader-text\">\u201eImpressum\u201c<\/span> weiterlesen<\/a><\/p>\n","protected":false},"author":1,"featured_media":0,"parent":0,"menu_order":0,"comment_status":"closed","ping_status":"closed","template":"","meta":{"om_disable_all_campaigns":false,"_exactmetrics_skip_tracking":false,"_exactmetrics_sitenote_active":false,"_exactmetrics_sitenote_note":"","_exactmetrics_sitenote_category":0,"_uf_show_specific_survey":0,"_uf_disable_surveys":false,"footnotes":""},"class_list":["post-30","page","type-page","status-publish","hentry"],"aioseo_notices":[],"_links":{"self":[{"href":"https:\/\/inselreport.eu\/index.php?rest_route=\/wp\/v2\/pages\/30","targetHints":{"allow":["GET"]}}],"collection":[{"href":"https:\/\/inselreport.eu\/index.php?rest_route=\/wp\/v2\/pages"}],"about":[{"href":"https:\/\/inselreport.eu\/index.php?rest_route=\/wp\/v2\/types\/page"}],"author":[{"embeddable":true,"href":"https:\/\/inselreport.eu\/index.php?rest_route=\/wp\/v2\/users\/1"}],"replies":[{"embeddable":true,"href":"https:\/\/inselreport.eu\/index.php?rest_route=%2Fwp%2Fv2%2Fcomments&post=30"}],"version-history":[{"count":13,"href":"https:\/\/inselreport.eu\/index.php?rest_route=\/wp\/v2\/pages\/30\/revisions"}],"predecessor-version":[{"id":6841,"href":"https:\/\/inselreport.eu\/index.php?rest_route=\/wp\/v2\/pages\/30\/revisions\/6841"}],"wp:attachment":[{"href":"https:\/\/inselreport.eu\/index.php?rest_route=%2Fwp%2Fv2%2Fmedia&parent=30"}],"curies":[{"name":"wp","href":"https:\/\/api.w.org\/{rel}","templated":true}]}}